{"id":606,"date":"2020-07-08T09:11:30","date_gmt":"2020-07-08T07:11:30","guid":{"rendered":"http:\/\/aluhak-production.pl\/?page_id=606"},"modified":"2020-07-08T10:36:09","modified_gmt":"2020-07-08T08:36:09","slug":"podest-serwisowy-aluminiowy","status":"publish","type":"page","link":"http:\/\/aluhak-production.pl\/en\/nasze-produkty\/podest-serwisowy-aluminiowy\/","title":{"rendered":"Podest serwisowy aluminiowy"},"content":{"rendered":"\n<p>Oferujemy podesty serwisowe przeznaczone do bie\u017c\u0105cej konserwacji oraz napraw pojazd\u00f3w. Podesty aluminiowe charakteryzuj\u0105 si\u0119 du\u017c\u0105 wytrzyma\u0142o\u015bci\u0105 oraz wygod\u0105 w u\u017cytkowaniu &#8211; z uwagi na \u0142atwo\u015b\u0107 przemieszczania i magazynowania.<\/p>\n\n\n\n<figure class=\"wp-block-image size-large\"><img loading=\"lazy\" decoding=\"async\" width=\"1024\" height=\"788\" src=\"http:\/\/aluhak-production.pl\/wp-content\/uploads\/2020\/07\/serwisowe-1024x788.jpg\" alt=\"\" class=\"wp-image-603\" srcset=\"http:\/\/aluhak-production.pl\/wp-content\/uploads\/2020\/07\/serwisowe-1024x788.jpg 1024w, http:\/\/aluhak-production.pl\/wp-content\/uploads\/2020\/07\/serwisowe-300x231.jpg 300w, http:\/\/aluhak-production.pl\/wp-content\/uploads\/2020\/07\/serwisowe-768x591.jpg 768w, http:\/\/aluhak-production.pl\/wp-content\/uploads\/2020\/07\/serwisowe-180x138.jpg 180w, http:\/\/aluhak-production.pl\/wp-content\/uploads\/2020\/07\/serwisowe.jpg 1049w\" sizes=\"auto, (max-width: 1024px) 100vw, 1024px\" \/><figcaption>Aluminiowy podest serwisowy autobusowy<\/figcaption><\/figure>\n\n\n\n<p>Zapewniamy pe\u0142ne wsparcie klienta pocz\u0105wszy od analiz potrzeby, przez projekt oraz wykonanie. Nasze d\u0142ugoletnie do\u015bwiadczenie w zakresie produkcji konstrukcji aluminiowych zapewnia d\u0142ugotrwa\u0142\u0105 bezproblemow\u0105 eksploatacj\u0119.<\/p>\n\n\n\n<figure class=\"wp-block-image size-large\"><img loading=\"lazy\" decoding=\"async\" width=\"1024\" height=\"777\" src=\"http:\/\/aluhak-production.pl\/wp-content\/uploads\/2020\/07\/serwisowe2-1024x777.jpg\" alt=\"\" class=\"wp-image-604\" srcset=\"http:\/\/aluhak-production.pl\/wp-content\/uploads\/2020\/07\/serwisowe2-1024x777.jpg 1024w, http:\/\/aluhak-production.pl\/wp-content\/uploads\/2020\/07\/serwisowe2-300x228.jpg 300w, http:\/\/aluhak-production.pl\/wp-content\/uploads\/2020\/07\/serwisowe2-768x583.jpg 768w, http:\/\/aluhak-production.pl\/wp-content\/uploads\/2020\/07\/serwisowe2-180x138.jpg 180w, http:\/\/aluhak-production.pl\/wp-content\/uploads\/2020\/07\/serwisowe2.jpg 1063w\" sizes=\"auto, (max-width: 1024px) 100vw, 1024px\" \/><figcaption>Podest serwisowy cystern<\/figcaption><\/figure>\n","protected":false},"excerpt":{"rendered":"<p>Oferujemy podesty serwisowe przeznaczone do bie\u017c\u0105cej konserwacji oraz napraw pojazd\u00f3w. Podesty aluminiowe charakteryzuj\u0105 si\u0119 du\u017c\u0105 wytrzyma\u0142o\u015bci\u0105 oraz wygod\u0105 w u\u017cytkowaniu &#8211; z uwagi na \u0142atwo\u015b\u0107 przemieszczania i magazynowania. Zapewniamy pe\u0142ne wsparcie klienta pocz\u0105wszy od analiz potrzeby, przez projekt oraz wykonanie. Nasze d\u0142ugoletnie do\u015bwiadczenie w zakresie produkcji konstrukcji aluminiowych zapewnia d\u0142ugotrwa\u0142\u0105 bezproblemow\u0105 eksploatacj\u0119.<\/p>\n","protected":false},"author":1,"featured_media":0,"parent":146,"menu_order":0,"comment_status":"closed","ping_status":"closed","template":"","meta":{"footnotes":""},"class_list":["post-606","page","type-page","status-publish","hentry"],"_links":{"self":[{"href":"http:\/\/aluhak-production.pl\/en\/wp-json\/wp\/v2\/pages\/606","targetHints":{"allow":["GET"]}}],"collection":[{"href":"http:\/\/aluhak-production.pl\/en\/wp-json\/wp\/v2\/pages"}],"about":[{"href":"http:\/\/aluhak-production.pl\/en\/wp-json\/wp\/v2\/types\/page"}],"author":[{"embeddable":true,"href":"http:\/\/aluhak-production.pl\/en\/wp-json\/wp\/v2\/users\/1"}],"replies":[{"embeddable":true,"href":"http:\/\/aluhak-production.pl\/en\/wp-json\/wp\/v2\/comments?post=606"}],"version-history":[{"count":2,"href":"http:\/\/aluhak-production.pl\/en\/wp-json\/wp\/v2\/pages\/606\/revisions"}],"predecessor-version":[{"id":610,"href":"http:\/\/aluhak-production.pl\/en\/wp-json\/wp\/v2\/pages\/606\/revisions\/610"}],"up":[{"embeddable":true,"href":"http:\/\/aluhak-production.pl\/en\/wp-json\/wp\/v2\/pages\/146"}],"wp:attachment":[{"href":"http:\/\/aluhak-production.pl\/en\/wp-json\/wp\/v2\/media?parent=606"}],"curies":[{"name":"wp","href":"https:\/\/api.w.org\/{rel}","templated":true}]}}