{"id":611,"date":"2020-07-08T09:30:55","date_gmt":"2020-07-08T07:30:55","guid":{"rendered":"http:\/\/aluhak-production.pl\/?page_id=611"},"modified":"2020-07-08T10:36:03","modified_gmt":"2020-07-08T08:36:03","slug":"myjnia-bezobslugowa-tir","status":"publish","type":"page","link":"http:\/\/aluhak-production.pl\/en\/nasze-produkty\/myjnia-bezobslugowa-tir\/","title":{"rendered":"Myjnia bezobs\u0142ugowa TIR"},"content":{"rendered":"\n<p>Du\u017ce pojazdy wymagaj\u0105 specjalnego dost\u0119pu do cel\u00f3w konserwacji i bie\u017c\u0105cego utrzymania w czysto\u015bci. Aluminiowa konstrukcja myjni bezobs\u0142ugowej zapewnia \u0142atwy, szybki i bezpieczny dost\u0119p do du\u017cych powierzchni pojazdu.<\/p>\n\n\n\n<figure class=\"wp-block-image size-large\"><img loading=\"lazy\" decoding=\"async\" width=\"1024\" height=\"538\" src=\"http:\/\/aluhak-production.pl\/wp-content\/uploads\/2020\/07\/myjka-tir-1024x538.jpg\" alt=\"\" class=\"wp-image-612\" srcset=\"http:\/\/aluhak-production.pl\/wp-content\/uploads\/2020\/07\/myjka-tir-1024x538.jpg 1024w, http:\/\/aluhak-production.pl\/wp-content\/uploads\/2020\/07\/myjka-tir-300x158.jpg 300w, http:\/\/aluhak-production.pl\/wp-content\/uploads\/2020\/07\/myjka-tir-768x403.jpg 768w, http:\/\/aluhak-production.pl\/wp-content\/uploads\/2020\/07\/myjka-tir-1536x806.jpg 1536w, http:\/\/aluhak-production.pl\/wp-content\/uploads\/2020\/07\/myjka-tir.jpg 2000w\" sizes=\"auto, (max-width: 1024px) 100vw, 1024px\" \/><\/figure>\n\n\n\n<p>Myjnie samoobs\u0142ugowa wyposa\u017cone s\u0105 w urz\u0105dzenia do ci\u015bnieniowego mycia. Realizuj\u0105c prac\u0119 na naszymi kooperantami zapewniamy kompleksow\u0119 realizacj\u0119 inwestycji.<\/p>\n\n\n\n<figure class=\"wp-block-gallery columns-2 is-cropped wp-block-gallery-1 is-layout-flex wp-block-gallery-is-layout-flex\"><ul class=\"blocks-gallery-grid\"><li class=\"blocks-gallery-item\"><figure><a href=\"http:\/\/aluhak-production.pl\/wp-content\/uploads\/2014\/07\/2-2.jpg\"><img loading=\"lazy\" decoding=\"async\" width=\"1024\" height=\"768\" src=\"http:\/\/aluhak-production.pl\/wp-content\/uploads\/2014\/07\/2-2-1024x768.jpg\" alt=\"\" data-id=\"423\" data-full-url=\"http:\/\/aluhak-production.pl\/wp-content\/uploads\/2014\/07\/2-2.jpg\" data-link=\"http:\/\/aluhak-production.pl\/nasze-produkty\/konstrukcje-aluminiowe\/2-2\/\" class=\"wp-image-423\" srcset=\"http:\/\/aluhak-production.pl\/wp-content\/uploads\/2014\/07\/2-2-1024x768.jpg 1024w, http:\/\/aluhak-production.pl\/wp-content\/uploads\/2014\/07\/2-2-300x225.jpg 300w\" sizes=\"auto, (max-width: 1024px) 100vw, 1024px\" \/><\/a><\/figure><\/li><li class=\"blocks-gallery-item\"><figure><a href=\"http:\/\/aluhak-production.pl\/wp-content\/uploads\/2014\/07\/1-2.jpg\"><img loading=\"lazy\" decoding=\"async\" width=\"1024\" height=\"768\" src=\"http:\/\/aluhak-production.pl\/wp-content\/uploads\/2014\/07\/1-2-1024x768.jpg\" alt=\"\" data-id=\"422\" data-full-url=\"http:\/\/aluhak-production.pl\/wp-content\/uploads\/2014\/07\/1-2.jpg\" data-link=\"http:\/\/aluhak-production.pl\/nasze-produkty\/konstrukcje-aluminiowe\/1-2\/\" class=\"wp-image-422\" srcset=\"http:\/\/aluhak-production.pl\/wp-content\/uploads\/2014\/07\/1-2-1024x768.jpg 1024w, http:\/\/aluhak-production.pl\/wp-content\/uploads\/2014\/07\/1-2-300x225.jpg 300w\" sizes=\"auto, (max-width: 1024px) 100vw, 1024px\" \/><\/a><\/figure><\/li><\/ul><figcaption class=\"blocks-gallery-caption\">Realizacja myjni bezobs\u0142ugowej TIR w Polsce<\/figcaption><\/figure>\n\n\n\n<p><\/p>\n","protected":false},"excerpt":{"rendered":"<p>Du\u017ce pojazdy wymagaj\u0105 specjalnego dost\u0119pu do cel\u00f3w konserwacji i bie\u017c\u0105cego utrzymania w czysto\u015bci. Aluminiowa konstrukcja myjni bezobs\u0142ugowej zapewnia \u0142atwy, szybki i bezpieczny dost\u0119p do du\u017cych powierzchni pojazdu. Myjnie samoobs\u0142ugowa wyposa\u017cone s\u0105 w urz\u0105dzenia do ci\u015bnieniowego mycia. Realizuj\u0105c prac\u0119 na naszymi kooperantami zapewniamy kompleksow\u0119 realizacj\u0119 inwestycji.<\/p>\n","protected":false},"author":1,"featured_media":0,"parent":146,"menu_order":0,"comment_status":"closed","ping_status":"closed","template":"","meta":{"footnotes":""},"class_list":["post-611","page","type-page","status-publish","hentry"],"_links":{"self":[{"href":"http:\/\/aluhak-production.pl\/en\/wp-json\/wp\/v2\/pages\/611","targetHints":{"allow":["GET"]}}],"collection":[{"href":"http:\/\/aluhak-production.pl\/en\/wp-json\/wp\/v2\/pages"}],"about":[{"href":"http:\/\/aluhak-production.pl\/en\/wp-json\/wp\/v2\/types\/page"}],"author":[{"embeddable":true,"href":"http:\/\/aluhak-production.pl\/en\/wp-json\/wp\/v2\/users\/1"}],"replies":[{"embeddable":true,"href":"http:\/\/aluhak-production.pl\/en\/wp-json\/wp\/v2\/comments?post=611"}],"version-history":[{"count":3,"href":"http:\/\/aluhak-production.pl\/en\/wp-json\/wp\/v2\/pages\/611\/revisions"}],"predecessor-version":[{"id":616,"href":"http:\/\/aluhak-production.pl\/en\/wp-json\/wp\/v2\/pages\/611\/revisions\/616"}],"up":[{"embeddable":true,"href":"http:\/\/aluhak-production.pl\/en\/wp-json\/wp\/v2\/pages\/146"}],"wp:attachment":[{"href":"http:\/\/aluhak-production.pl\/en\/wp-json\/wp\/v2\/media?parent=611"}],"curies":[{"name":"wp","href":"https:\/\/api.w.org\/{rel}","templated":true}]}}